{"id":27266769,"date":"2025-08-30T23:56:05","date_gmt":"2025-08-30T23:56:05","guid":{"rendered":"https:\/\/wingfoildakhla.com\/your-booking-is-confirmed\/"},"modified":"2026-03-28T04:42:31","modified_gmt":"2026-03-28T04:42:31","slug":"your-booking-is-confirmed","status":"publish","type":"page","link":"https:\/\/wingfoildakhla.com\/en\/your-booking-is-confirmed\/","title":{"rendered":"Your booking is confirmed"},"content":{"rendered":"<p>[et_pb_section fb_built=&#8221;1&#8243; _builder_version=&#8221;4.27.4&#8243; _module_preset=&#8221;default&#8221; custom_margin=&#8221;-80px||0px||false|false&#8221; custom_margin_tablet=&#8221;-90px||0px||false|false&#8221; custom_margin_phone=&#8221;-100px||0px||false|false&#8221; custom_margin_last_edited=&#8221;on|phone&#8221; custom_padding=&#8221;0px||0px||false|false&#8221; global_colors_info=&#8221;{}&#8221;][et_pb_row make_equal=&#8221;on&#8221; custom_padding_last_edited=&#8221;on|phone&#8221; _builder_version=&#8221;4.27.4&#8243; _module_preset=&#8221;default&#8221; background_enable_color=&#8221;off&#8221; background_image=&#8221;https:\/\/wingfoildakhla.com\/wp-content\/uploads\/2025\/05\/Wingfoil-Hero.webp&#8221; background_size=&#8221;custom&#8221; background_image_width=&#8221;150%&#8221; width=&#8221;90%&#8221; width_tablet=&#8221;90%&#8221; width_phone=&#8221;95%&#8221; width_last_edited=&#8221;on|tablet&#8221; max_width=&#8221;1880px&#8221; module_alignment=&#8221;center&#8221; min_height=&#8221;30vh&#8221; height=&#8221;50vh&#8221; height_tablet=&#8221;40vh&#8221; height_phone=&#8221;30vh&#8221; height_last_edited=&#8221;on|phone&#8221; custom_margin=&#8221;|auto||auto|false|false&#8221; custom_margin_tablet=&#8221;30px|auto||auto|false|false&#8221; custom_margin_phone=&#8221;53px|auto||auto|false|false&#8221; custom_margin_last_edited=&#8221;on|phone&#8221; custom_padding=&#8221;20vh|50px||50px|false|true&#8221; custom_padding_tablet=&#8221;15vh|50px||50px|false|true&#8221; custom_padding_phone=&#8221;8vh|20px|0px|20px|false|true&#8221; border_radii=&#8221;on|30px|30px|30px|30px&#8221; global_colors_info=&#8221;{}&#8221; width__hover_enabled=&#8221;off|desktop&#8221;][et_pb_column type=&#8221;4_4&#8243; _builder_version=&#8221;4.27.4&#8243; _module_preset=&#8221;default&#8221; global_colors_info=&#8221;{}&#8221;][et_pb_text module_class=&#8221;glass-containe&#8221; _builder_version=&#8221;4.27.4&#8243; _module_preset=&#8221;default&#8221; header_text_color=&#8221;#FFFFFF&#8221; header_font_size=&#8221;3.9rem&#8221; header_5_text_color=&#8221;#FFFFFF&#8221; header_5_line_height=&#8221;0.3em&#8221; width=&#8221;56%&#8221; width_tablet=&#8221;70%&#8221; width_phone=&#8221;90%&#8221; width_last_edited=&#8221;on|phone&#8221; module_alignment=&#8221;center&#8221; custom_margin_tablet=&#8221;&#8221; custom_margin_phone=&#8221;&#8221; custom_margin_last_edited=&#8221;on|phone&#8221; custom_padding=&#8221;20px||10px||false|false&#8221; custom_padding_tablet=&#8221;20px||10px||false|false&#8221; custom_padding_phone=&#8221;||5px||false|false&#8221; custom_padding_last_edited=&#8221;on|desktop&#8221; header_font_size_tablet=&#8221;3.9rem&#8221; header_font_size_phone=&#8221;2rem&#8221; header_font_size_last_edited=&#8221;on|desktop&#8221; header_text_shadow_style=&#8221;preset3&#8243; header_text_shadow_vertical_length=&#8221;0.03em&#8221; header_text_shadow_blur_strength=&#8221;0.24em&#8221; header_text_shadow_color=&#8221;rgba(0,0,0,0.25)&#8221; border_radii=&#8221;on|30px|30px|30px|30px&#8221; global_colors_info=&#8221;{}&#8221;]<\/p>\n<h5 style=\"text-align: center;\">Thank you<\/h5>\n<h1 style=\"text-align: center;\">Your booking is confirmed<\/h1>\n<p>[\/et_pb_text][\/et_pb_column][\/et_pb_row][\/et_pb_section][et_pb_section fb_built=&#8221;1&#8243; _builder_version=&#8221;4.27.4&#8243; _module_preset=&#8221;default&#8221; background_color=&#8221;#EFF9FA&#8221; use_background_color_gradient=&#8221;on&#8221; background_color_gradient_stops=&#8221;#fbfdfe 0%|#eff9fa 22%&#8221; overflow-x=&#8221;hidden&#8221; overflow-y=&#8221;hidden&#8221; custom_padding=&#8221;60px||60px||false|false&#8221; global_colors_info=&#8221;{}&#8221;][et_pb_row _builder_version=&#8221;4.27.4&#8243; _module_preset=&#8221;default&#8221; width_tablet=&#8221;&#8221; width_phone=&#8221;90%&#8221; width_last_edited=&#8221;on|phone&#8221; custom_padding=&#8221;7px|||||&#8221; global_colors_info=&#8221;{}&#8221; width__hover_enabled=&#8221;off|desktop&#8221;][et_pb_column type=&#8221;4_4&#8243; _builder_version=&#8221;4.27.4&#8243; _module_preset=&#8221;default&#8221; global_colors_info=&#8221;{}&#8221;][et_pb_code _builder_version=&#8221;4.27.4&#8243; _module_preset=&#8221;default&#8221; custom_margin=&#8221;||-1px|||&#8221; hover_enabled=&#8221;0&#8243; global_colors_info=&#8221;{}&#8221; sticky_enabled=&#8221;0&#8243;]<\/p>\n<div class=\"confirmation-wrapper\"><!-- [et_pb_line_break_holder] -->  <\/p>\n<h3 class=\"confirmation-title\"><!-- [et_pb_line_break_holder] --> Thank you, <span data-param=\"name\" data-alt=\"n,fullname,client\">for your booking<\/span><!-- [et_pb_line_break_holder] -->  <\/h3>\n<p><!-- [et_pb_line_break_holder] --><!-- [et_pb_line_break_holder] -->  <pee><!-- [et_pb_line_break_holder] --> We have received your deposit of <!-- [et_pb_line_break_holder] --><strong class=\"brand-text\"><span data-param=\"amount\" data-alt=\"amt,total,paid\" data-currency=\"MAD\">0.00 MAD<\/span><\/strong><!-- [et_pb_line_break_holder] --> and your booking is now confirmed!<!-- [et_pb_line_break_holder] -->  <\/pee><!-- [et_pb_line_break_holder] --><!-- [et_pb_line_break_holder] -->  <pee><!-- [et_pb_line_break_holder] --> A payment receipt has just been sent to your email address <!-- [et_pb_line_break_holder] --><strong class=\"brand-text\"><span data-param=\"email\" data-alt=\"em,mail\">\u2014<\/span><\/strong>.<!-- [et_pb_line_break_holder] -->  <\/pee><!-- [et_pb_line_break_holder] --><!-- [et_pb_line_break_holder] -->  <pee><!-- [et_pb_line_break_holder] --> We look forward to welcoming you to Dakhla and sharing unforgettable sessions on the water with you.<!-- [et_pb_line_break_holder] -->  <\/pee><!-- [et_pb_line_break_holder] --><\/div>\n<p><!-- [et_pb_line_break_holder] --><!-- [et_pb_line_break_holder] --><\/p>\n<style><!-- [et_pb_line_break_holder] -->.confirmation-wrapper {<!-- [et_pb_line_break_holder] -->  font-family: 'Inter', sans-serif;<!-- [et_pb_line_break_holder] -->  text-align: center;<!-- [et_pb_line_break_holder] -->  max-width: 100%;<!-- [et_pb_line_break_holder] -->  margin: 0 auto;<!-- [et_pb_line_break_holder] -->  padding: 1rem;<!-- [et_pb_line_break_holder] -->  color: #444;<!-- [et_pb_line_break_holder] -->  line-height: 1.2em; \/* \u2705 interligne relatif \u00e0 la taille de police *\/<!-- [et_pb_line_break_holder] -->}<!-- [et_pb_line_break_holder] --><!-- [et_pb_line_break_holder] -->.confirmation-title {<!-- [et_pb_line_break_holder] -->  font-weight: 700; \/* Bold *\/<!-- [et_pb_line_break_holder] -->  color: #1b848b;   \/* couleur de ta marque *\/<!-- [et_pb_line_break_holder] -->  font-size: clamp(24px, 3vw, 24px);<!-- [et_pb_line_break_holder] -->  margin-bottom: 1.2rem;<!-- [et_pb_line_break_holder] -->}<!-- [et_pb_line_break_holder] --><!-- [et_pb_line_break_holder] -->.confirmation-wrapper p {<!-- [et_pb_line_break_holder] -->  font-weight: 400; \/* Regular *\/<!-- [et_pb_line_break_holder] -->  font-size: clamp(14px, 2.2vw, 16px);<!-- [et_pb_line_break_holder] -->  margin: 0 0 1rem 0; \/* espace entre paragraphes *\/<!-- [et_pb_line_break_holder] -->}<!-- [et_pb_line_break_holder] --><!-- [et_pb_line_break_holder] -->.brand-text {<!-- [et_pb_line_break_holder] -->  color: #1b848b; \/* \u2705 couleur de ta marque *\/<!-- [et_pb_line_break_holder] -->  font-weight: 700; \/* \u2705 gras *\/<!-- [et_pb_line_break_holder] -->}<!-- [et_pb_line_break_holder] --><\/style>\n<p>[\/et_pb_code][et_pb_code _builder_version=&#8221;4.27.4&#8243; _module_preset=&#8221;default&#8221; global_colors_info=&#8221;{}&#8221;]<script><!-- [et_pb_line_break_holder] -->(function () {<!-- [et_pb_line_break_holder] -->  function hashToParams() {<!-- [et_pb_line_break_holder] -->    const h = (location.hash || \"\").replace(\/^#\/, \"\");<!-- [et_pb_line_break_holder] -->    const usp = new URLSearchParams();<!-- [et_pb_line_break_holder] -->    if (!h) return usp;<!-- [et_pb_line_break_holder] -->    h.split(\"&\").forEach(pair => {<!-- [et_pb_line_break_holder] -->      const i = pair.indexOf(\"=\");<!-- [et_pb_line_break_holder] -->      if (i === -1) return;<!-- [et_pb_line_break_holder] -->      const k = decodeURIComponent(pair.slice(0, i));<!-- [et_pb_line_break_holder] -->      const v = decodeURIComponent(pair.slice(i + 1));<!-- [et_pb_line_break_holder] -->      usp.append(k, v);<!-- [et_pb_line_break_holder] -->    });<!-- [et_pb_line_break_holder] -->    return usp;<!-- [et_pb_line_break_holder] -->  }<!-- [et_pb_line_break_holder] --><!-- [et_pb_line_break_holder] -->  const qs = new URLSearchParams(location.search);<!-- [et_pb_line_break_holder] -->  const hs = hashToParams();<!-- [et_pb_line_break_holder] -->  const tryGet = (key) => qs.get(key) ?? hs.get(key);<!-- [et_pb_line_break_holder] --><!-- [et_pb_line_break_holder] -->  const getParam = (primary, altsCSV) => {<!-- [et_pb_line_break_holder] -->    const alts = (altsCSV || \"\").split(\",\").map(s => s.trim()).filter(Boolean);<!-- [et_pb_line_break_holder] -->    for (const k of [primary, ...alts]) {<!-- [et_pb_line_break_holder] -->      const v = tryGet(k);<!-- [et_pb_line_break_holder] -->      if (v != null) return v;<!-- [et_pb_line_break_holder] -->    }<!-- [et_pb_line_break_holder] -->    return null;<!-- [et_pb_line_break_holder] -->  };<!-- [et_pb_line_break_holder] --><!-- [et_pb_line_break_holder] -->  const safe = (s) => (s ?? \"\").toString().replace(\/[<>&]\/g, c => ({'<':'<','>':'>','&':'&'}[c]));<!-- [et_pb_line_break_holder] --><!-- [et_pb_line_break_holder] -->  function formatMoney(raw, currency, centsFlag) {<!-- [et_pb_line_break_holder] -->    if (raw == null || raw === \"\") return \"\";<!-- [et_pb_line_break_holder] -->    let cleaned = String(raw).replace(\/[^\\d.,]\/g, '');<!-- [et_pb_line_break_holder] -->    if (cleaned.includes('.') && cleaned.includes(',')) cleaned = cleaned.replace(\/,\/g, '');<!-- [et_pb_line_break_holder] -->    if (!cleaned.includes('.') && cleaned.includes(',')) cleaned = cleaned.replace(',', '.');<!-- [et_pb_line_break_holder] -->    let num = parseFloat(cleaned);<!-- [et_pb_line_break_holder] -->    if (!isFinite(num)) return safe(raw);<!-- [et_pb_line_break_holder] -->    if (centsFlag) num = num \/ 100;<!-- [et_pb_line_break_holder] --><!-- [et_pb_line_break_holder] -->    const urlCur = tryGet('currency') || tryGet('cur');<!-- [et_pb_line_break_holder] -->    const cur = (urlCur || currency || 'MAD').toUpperCase();<!-- [et_pb_line_break_holder] -->    try {<!-- [et_pb_line_break_holder] -->      return new Intl.NumberFormat(undefined, { style: 'currency', currency: cur }).format(num);<!-- [et_pb_line_break_holder] -->    } catch {<!-- [et_pb_line_break_holder] -->      return num.toFixed(2) + ' ' + safe(cur);<!-- [et_pb_line_break_holder] -->    }<!-- [et_pb_line_break_holder] -->  }<!-- [et_pb_line_break_holder] --><!-- [et_pb_line_break_holder] -->  document.querySelectorAll('[data-param]').forEach(el => {<!-- [et_pb_line_break_holder] -->    const key = el.getAttribute('data-param');<!-- [et_pb_line_break_holder] -->    const alts = el.getAttribute('data-alt') || '';<!-- [et_pb_line_break_holder] -->    let val = getParam(key, alts);<!-- [et_pb_line_break_holder] --><!-- [et_pb_line_break_holder] -->    if (\/name\/i.test(key) && val) val = val.replace(\/[^A-Za-z\u00c0-\u00d6\u00d8-\u00f6\u00f8-\u00ff' -]\/g, ' ').replace(\/\\s+\/g, ' ').trim();<!-- [et_pb_line_break_holder] -->    if (\/email\/i.test(key) && val) val = val.replace(\/[<>&]\/g, '');<!-- [et_pb_line_break_holder] --><!-- [et_pb_line_break_holder] -->    if (el.hasAttribute('data-currency')) {<!-- [et_pb_line_break_holder] -->      const cents = el.getAttribute('data-cents') === 'true';<!-- [et_pb_line_break_holder] -->      const out = formatMoney(val, el.getAttribute('data-currency'), cents);<!-- [et_pb_line_break_holder] -->      if (out) { el.textContent = out; return; }<!-- [et_pb_line_break_holder] -->    }<!-- [et_pb_line_break_holder] --><!-- [et_pb_line_break_holder] -->    if (val && val !== '') el.textContent = safe(val);<!-- [et_pb_line_break_holder] -->  });<!-- [et_pb_line_break_holder] -->})();<!-- [et_pb_line_break_holder] --><\/script>[\/et_pb_code][\/et_pb_column][\/et_pb_row][\/et_pb_section]<\/p>\n","protected":false},"excerpt":{"rendered":"<p>Thank you Your booking is confirmed<\/p>\n","protected":false},"author":1,"featured_media":0,"parent":0,"menu_order":0,"comment_status":"closed","ping_status":"closed","template":"","meta":{"_et_pb_use_builder":"on","_et_pb_old_content":"","_et_gb_content_width":"","footnotes":""},"dipi_cpt_category":[],"class_list":["post-27266769","page","type-page","status-publish","hentry"],"_links":{"self":[{"href":"https:\/\/wingfoildakhla.com\/en\/wp-json\/wp\/v2\/pages\/27266769","targetHints":{"allow":["GET"]}}],"collection":[{"href":"https:\/\/wingfoildakhla.com\/en\/wp-json\/wp\/v2\/pages"}],"about":[{"href":"https:\/\/wingfoildakhla.com\/en\/wp-json\/wp\/v2\/types\/page"}],"author":[{"embeddable":true,"href":"https:\/\/wingfoildakhla.com\/en\/wp-json\/wp\/v2\/users\/1"}],"replies":[{"embeddable":true,"href":"https:\/\/wingfoildakhla.com\/en\/wp-json\/wp\/v2\/comments?post=27266769"}],"version-history":[{"count":6,"href":"https:\/\/wingfoildakhla.com\/en\/wp-json\/wp\/v2\/pages\/27266769\/revisions"}],"predecessor-version":[{"id":27266779,"href":"https:\/\/wingfoildakhla.com\/en\/wp-json\/wp\/v2\/pages\/27266769\/revisions\/27266779"}],"wp:attachment":[{"href":"https:\/\/wingfoildakhla.com\/en\/wp-json\/wp\/v2\/media?parent=27266769"}],"wp:term":[{"taxonomy":"dipi_cpt_category","embeddable":true,"href":"https:\/\/wingfoildakhla.com\/en\/wp-json\/wp\/v2\/dipi_cpt_category?post=27266769"}],"curies":[{"name":"wp","href":"https:\/\/api.w.org\/{rel}","templated":true}]}}